{"id":1566,"date":"2024-09-02T10:29:57","date_gmt":"2024-09-02T08:29:57","guid":{"rendered":"https:\/\/krakowforyou.pl\/transfery-lotniskowe\/"},"modified":"2024-11-28T14:11:09","modified_gmt":"2024-11-28T12:11:09","slug":"transfery-lotniskowe","status":"publish","type":"page","link":"https:\/\/krakowforyou.com\/pl\/transfery-lotniskowe\/","title":{"rendered":"Transfery lotniskowe"},"content":{"rendered":"\n<p>Mo\u017cemy zorganizowa\u0107 transport &#8211; z i na lotnisko \/ do naszych apartament\u00f3w. Kierowca b\u0119dzie czeka\u0142 na terminalu lotniska z Twoim imieniem i nazwiskiem na tablicy. <\/p>\n\n<p>Oferujemy transfery lotniskowe w nast\u0119puj\u0105cych cenach<em>(za TRANSFER w 1 stron\u0119, nie za osob\u0119<\/em>):<\/p>\n\n<h3 class=\"wp-block-heading\">Krak\u00f3w Airport Balice<\/h3>\n\n<ul class=\"wp-block-list\">\n<li>1-3 osoby, samoch\u00f3d typu sedan: 150 PLN<\/li>\n\n\n\n<li>4-6 os\u00f3b, mini van: 180 PLN<\/li>\n\n\n\n<li>7-8 os\u00f3b, van: 200 PLN<\/li>\n<\/ul>\n\n<h3 class=\"wp-block-heading\">Katowice Airport Pyrzowice<\/h3>\n\n<ul class=\"wp-block-list\">\n<li>1-3 osoby, sedan: 750 PLN<\/li>\n\n\n\n<li>4-6 os\u00f3b, mini van: 800 PLN<\/li>\n\n\n\n<li>7-8 os\u00f3b, van: 850 PLN<\/li>\n<\/ul>\n\n<p><em>* w przypadku transfer\u00f3w po godzinie 22:00 nale\u017cy doliczy\u0107 dodatkowe 10 PLN za transfer<\/em><\/p>\n\n<p>Aby zarezerwowa\u0107 transfer lotniskowy, nale\u017cy poda\u0107 prawid\u0142owy <strong>numer lotu<\/strong> i <strong>godzin\u0119 przylotu<\/strong>.<\/p>\n\n<p>Inne lotniska na \u017cyczenie.<\/p>\n\n<div class=\"wp-block-buttons is-layout-flex wp-block-buttons-is-layout-flex\">\n<div class=\"wp-block-button btn--outline btn--base\"><a class=\"wp-block-button__link wp-element-button\" href=\"https:\/\/krakowforyou.com\/contact\/\">Skontaktuj si\u0119 z nami<\/a><\/div>\n<\/div>\n\n<div style=\"height:var(--wp--preset--spacing--40)\" aria-hidden=\"true\" class=\"wp-block-spacer\"><\/div>\n\n<figure class=\"wp-block-gallery has-nested-images columns-default is-cropped wp-block-gallery-1 is-layout-flex wp-block-gallery-is-layout-flex\">\n<figure class=\"wp-block-image size-large\"><img loading=\"lazy\" decoding=\"async\" width=\"1440\" height=\"1920\" data-id=\"422\" src=\"https:\/\/krakowforyou.com\/wp-content\/uploads\/transfers-5.jpg\" alt=\"Transfers 5\" class=\"wp-image-422\" srcset=\"https:\/\/krakowforyou.com\/wp-content\/uploads\/transfers-5.jpg 1440w, https:\/\/krakowforyou.com\/wp-content\/uploads\/transfers-5-480x640.jpg 480w, https:\/\/krakowforyou.com\/wp-content\/uploads\/transfers-5-640x853.jpg 640w, https:\/\/krakowforyou.com\/wp-content\/uploads\/transfers-5-720x960.jpg 720w, https:\/\/krakowforyou.com\/wp-content\/uploads\/transfers-5-960x1280.jpg 960w, https:\/\/krakowforyou.com\/wp-content\/uploads\/transfers-5-1168x1557.jpg 1168w\" sizes=\"auto, (max-width: 1440px) 100vw, 1440px\" \/><\/figure>\n\n\n\n<figure class=\"wp-block-image size-large\"><img loading=\"lazy\" decoding=\"async\" width=\"1440\" height=\"1920\" data-id=\"418\" src=\"https:\/\/krakowforyou.com\/wp-content\/uploads\/transfers-1.jpg\" alt=\"Transfers 1\" class=\"wp-image-418\" srcset=\"https:\/\/krakowforyou.com\/wp-content\/uploads\/transfers-1.jpg 1440w, https:\/\/krakowforyou.com\/wp-content\/uploads\/transfers-1-480x640.jpg 480w, https:\/\/krakowforyou.com\/wp-content\/uploads\/transfers-1-640x853.jpg 640w, https:\/\/krakowforyou.com\/wp-content\/uploads\/transfers-1-720x960.jpg 720w, https:\/\/krakowforyou.com\/wp-content\/uploads\/transfers-1-960x1280.jpg 960w, https:\/\/krakowforyou.com\/wp-content\/uploads\/transfers-1-1168x1557.jpg 1168w\" sizes=\"auto, (max-width: 1440px) 100vw, 1440px\" \/><\/figure>\n\n\n\n<figure class=\"wp-block-image size-large\"><img loading=\"lazy\" decoding=\"async\" width=\"1440\" height=\"1920\" data-id=\"427\" src=\"https:\/\/krakowforyou.com\/wp-content\/uploads\/transfers-10.jpg\" alt=\"Transfers 10\" class=\"wp-image-427\" srcset=\"https:\/\/krakowforyou.com\/wp-content\/uploads\/transfers-10.jpg 1440w, https:\/\/krakowforyou.com\/wp-content\/uploads\/transfers-10-480x640.jpg 480w, https:\/\/krakowforyou.com\/wp-content\/uploads\/transfers-10-640x853.jpg 640w, https:\/\/krakowforyou.com\/wp-content\/uploads\/transfers-10-720x960.jpg 720w, https:\/\/krakowforyou.com\/wp-content\/uploads\/transfers-10-960x1280.jpg 960w, https:\/\/krakowforyou.com\/wp-content\/uploads\/transfers-10-1168x1557.jpg 1168w\" sizes=\"auto, (max-width: 1440px) 100vw, 1440px\" \/><\/figure>\n\n\n\n<figure class=\"wp-block-image size-large\"><img loading=\"lazy\" decoding=\"async\" width=\"1920\" height=\"1440\" data-id=\"423\" src=\"https:\/\/krakowforyou.com\/wp-content\/uploads\/transfers-6.jpg\" alt=\"Transfers 6\" class=\"wp-image-423\" srcset=\"https:\/\/krakowforyou.com\/wp-content\/uploads\/transfers-6.jpg 1920w, https:\/\/krakowforyou.com\/wp-content\/uploads\/transfers-6-480x360.jpg 480w, https:\/\/krakowforyou.com\/wp-content\/uploads\/transfers-6-640x480.jpg 640w, https:\/\/krakowforyou.com\/wp-content\/uploads\/transfers-6-720x540.jpg 720w, https:\/\/krakowforyou.com\/wp-content\/uploads\/transfers-6-960x720.jpg 960w, https:\/\/krakowforyou.com\/wp-content\/uploads\/transfers-6-1168x876.jpg 1168w, https:\/\/krakowforyou.com\/wp-content\/uploads\/transfers-6-1440x1080.jpg 1440w\" sizes=\"auto, (max-width: 1920px) 100vw, 1920px\" \/><\/figure>\n<\/figure>\n","protected":false},"excerpt":{"rendered":"<p>Mo\u017cemy zorganizowa\u0107 transport &#8211; z i na lotnisko \/ do naszych apartament\u00f3w. Kierowca b\u0119dzie czeka\u0142 na terminalu lotniska z Twoim imieniem i nazwiskiem na tablicy. Oferujemy transfery lotniskowe w nast\u0119puj\u0105cych cenach(za TRANSFER w 1 stron\u0119, nie za osob\u0119): Krak\u00f3w Airport Balice Katowice Airport Pyrzowice * w przypadku transfer\u00f3w po godzinie 22:00 nale\u017cy doliczy\u0107 dodatkowe 10 [&hellip;]<\/p>\n","protected":false},"author":1,"featured_media":1331,"parent":0,"menu_order":0,"comment_status":"closed","ping_status":"closed","template":"","meta":{"slim_seo":{"title":"Krakow Airport Balice Transfers, Katowice Airport Pyrzowice Transfers - KFY","description":"We can arrange transportation \u2013 to and from the airport \/ our apartments. There will be a driver waiting at the airport terminal with your name on a board."},"footnotes":""},"class_list":["post-1566","page","type-page","status-publish","has-post-thumbnail","hentry"],"meta_box":{"person":[]},"_links":{"self":[{"href":"https:\/\/krakowforyou.com\/pl\/wp-json\/wp\/v2\/pages\/1566","targetHints":{"allow":["GET"]}}],"collection":[{"href":"https:\/\/krakowforyou.com\/pl\/wp-json\/wp\/v2\/pages"}],"about":[{"href":"https:\/\/krakowforyou.com\/pl\/wp-json\/wp\/v2\/types\/page"}],"author":[{"embeddable":true,"href":"https:\/\/krakowforyou.com\/pl\/wp-json\/wp\/v2\/users\/1"}],"replies":[{"embeddable":true,"href":"https:\/\/krakowforyou.com\/pl\/wp-json\/wp\/v2\/comments?post=1566"}],"version-history":[{"count":2,"href":"https:\/\/krakowforyou.com\/pl\/wp-json\/wp\/v2\/pages\/1566\/revisions"}],"predecessor-version":[{"id":1799,"href":"https:\/\/krakowforyou.com\/pl\/wp-json\/wp\/v2\/pages\/1566\/revisions\/1799"}],"wp:featuredmedia":[{"embeddable":true,"href":"https:\/\/krakowforyou.com\/pl\/wp-json\/wp\/v2\/media\/1331"}],"wp:attachment":[{"href":"https:\/\/krakowforyou.com\/pl\/wp-json\/wp\/v2\/media?parent=1566"}],"curies":[{"name":"wp","href":"https:\/\/api.w.org\/{rel}","templated":true}]}}