{"id":1569,"date":"2024-06-13T08:11:58","date_gmt":"2024-06-13T06:11:58","guid":{"rendered":"https:\/\/krakowforyou.pl\/informacje-o-parkingu\/"},"modified":"2025-08-29T08:32:51","modified_gmt":"2025-08-29T06:32:51","slug":"informacje-o-parkingu","status":"publish","type":"page","link":"https:\/\/krakowforyou.com\/pl\/informacje-o-parkingu\/","title":{"rendered":"Informacje o parkingu"},"content":{"rendered":"\n<h2 class=\"wp-block-heading\">Wa\u017cna informacja: nasz obiekt znajduje si\u0119 w strefie wolnej od ruchu samochodowego!<\/h2>\n\n<p>Strefa p\u0142atnego parkowania obowi\u0105zuje w <strong>dni powszednie od poniedzia\u0142ku do soboty w godzinach od 10:00 do 20:00<\/strong>.<\/p>\n\n<p>Parkowanie w wyznaczonej strefie parkowania jest p\u0142atne.<\/p>\n\n<h3 class=\"wp-block-heading\">Formy p\u0142atno\u015bci i rodzaje op\u0142at<\/h3>\n\n<p>Za parkowanie w strefie p\u0142atnego parkowania mo\u017cna zap\u0142aci\u0107:<\/p>\n\n<ul class=\"wp-block-list\">\n<li>got\u00f3wk\u0105 w parkometrze<\/li>\n\n\n\n<li>w parkometrze za pomoc\u0105 kart p\u0142atniczych typu PayPass, PayWave dost\u0119pnych w sektorach: A1 (parkomat nr 500), A13, B6, B12, B20, C5, C8,C9, C10, C15, C16, C22 (parkomat nr 827, 828)<\/li>\n\n\n\n<li>za pomoc\u0105 telefonu kom\u00f3rkowego za po\u015brednictwem operatora kom\u00f3rkowego: <a href=\"https:\/\/www.skycash.com\/\" target=\"_blank\" rel=\"noopener nofollow\" title=\"MobiParking-SkyCash\">MobiParking-SkyCash<\/a>, <a href=\"https:\/\/www.mobilet.pl\/\" target=\"_blank\" rel=\"noopener nofollow\" title=\"moBILET\">moBILET<\/a>, <a href=\"https:\/\/www.pango.pl\/\" target=\"_blank\" rel=\"noopener nofollow\" title=\"Pango\">Pango<\/a>, <a href=\"https:\/\/www.mpay.pl\/\" target=\"_blank\" rel=\"noopener nofollow\" title=\"mpay.pl\">mpay.pl<\/a>, <a href=\"https:\/\/electronicparking.pl\/\" target=\"_blank\" rel=\"noopener nofollow\" title=\"electronicparking.pl\">electronicparking.pl<\/a> <\/li>\n\n\n\n<li>wykupuj\u0105c abonament parkingowy<\/li>\n<\/ul>\n\n<p>Aby sprawdzi\u0107 aktualne op\u0142aty, kliknij poni\u017csze linki:<\/p>\n\n<ul class=\"wp-block-list\">\n<li><a href=\"https:\/\/www.krakow.pl\/zalacznik\/476084\" target=\"_blank\" rel=\"noopener nofollow\" title=\"\">https:\/\/www.krakow.pl\/zalacznik\/476084<\/a><\/li>\n\n\n\n<li><a href=\"https:\/\/www.krakow.pl\/komunikacja\/241657,artykul,mapa_strefy.html\" target=\"_blank\" rel=\"noopener nofollow\" title=\"\">https:\/\/www.krakow.pl\/komunikacja\/241657,artykul,mapa_strefy.html<\/a><\/li>\n<\/ul>\n\n<h3 class=\"wp-block-heading\">Informacje dla os\u00f3b niepe\u0142nosprawnych<\/h3>\n\n<p>Osoby niepe\u0142nosprawne posiadaj\u0105ce wa\u017cn\u0105 kart\u0119 parkingow\u0105 s\u0105 uprawnione do bezp\u0142atnego parkowania wy\u0142\u0105cznie w miejscach specjalnie dla nich oznaczonych (tzw. \u201ckopertach\u201d), <strong>co oznacza, \u017ce ich parkowanie w innych miejscach strefy p\u0142atnego parkowania jest odp\u0142atne<\/strong>.<\/p>\n\n<p>Dodatkowo przedstawiamy list\u0119 kilku prywatnych parking\u00f3w w okolicy:<\/p>\n\n<ol class=\"wp-block-list\">\n<li>ul. Poselska 7<br\/>Uwaga! parking czynny 7:00 &#8211; 22:00 &#8211; brak mo\u017cliwo\u015bci wcze\u015bniejszej rezerwacji.<br\/><a href=\"https:\/\/maps.app.goo.gl\/JAZfAC3nodwWepM96\" target=\"_blank\" rel=\"noopener nofollow\" title=\"\">https:\/\/maps.app.goo.gl\/JAZfAC3nodwWepM96<\/a><\/li>\n\n\n\n<li>ul. Straszewskiego 14 &#8211; Hotel Malta\u0144ski <br\/>tel. +48 660 262 515  +48 660 262 515<br\/><a href=\"https:\/\/maps.app.goo.gl\/jSHstr4C1e6f72pn7\" target=\"_blank\" rel=\"noopener nofollow\" title=\"\">https:\/\/maps.app.goo.gl\/jSHstr4C1e6f72pn7<\/a><\/li>\n\n\n\n<li>Plac Na Groblach 24<br\/>+48 12 426 27 09<br\/><a href=\"https:\/\/maps.app.goo.gl\/H6QDKPJstJwfCSXB6\" target=\"_blank\" rel=\"noopener nofollow\" title=\"\">https:\/\/maps.app.goo.gl\/H6QDKPJstJwfCSXB6<\/a><\/li>\n<\/ol>\n\n<p>We wszystkich wymienionych miejscach nale\u017cy dokonywa\u0107 rezerwacji parkingu kontaktuj\u0105c si\u0119 bezpo\u015brednio. Ceny oscyluj\u0105 pomi\u0119dzy 100 a 120 z\u0142 za dob\u0119. <\/p>\n","protected":false},"excerpt":{"rendered":"<p>Wa\u017cna informacja: nasz obiekt znajduje si\u0119 w strefie wolnej od ruchu samochodowego! Strefa p\u0142atnego parkowania obowi\u0105zuje w dni powszednie od poniedzia\u0142ku do soboty w godzinach od 10:00 do 20:00. Parkowanie w wyznaczonej strefie parkowania jest p\u0142atne. Formy p\u0142atno\u015bci i rodzaje op\u0142at Za parkowanie w strefie p\u0142atnego parkowania mo\u017cna zap\u0142aci\u0107: Aby sprawdzi\u0107 aktualne op\u0142aty, kliknij poni\u017csze [&hellip;]<\/p>\n","protected":false},"author":1,"featured_media":1383,"parent":0,"menu_order":0,"comment_status":"closed","ping_status":"closed","template":"","meta":{"slim_seo":{"title":"Informacje o parkingu - Krakow For You","description":"Wa\u017cna informacja: nasz obiekt znajduje si\u0119 w strefie wolnej od ruchu samochodowego! Strefa p\u0142atnego parkowania obowi\u0105zuje w dni powszednie od poniedzia\u0142ku do so"},"footnotes":""},"class_list":["post-1569","page","type-page","status-publish","has-post-thumbnail","hentry"],"meta_box":{"person":[]},"_links":{"self":[{"href":"https:\/\/krakowforyou.com\/pl\/wp-json\/wp\/v2\/pages\/1569","targetHints":{"allow":["GET"]}}],"collection":[{"href":"https:\/\/krakowforyou.com\/pl\/wp-json\/wp\/v2\/pages"}],"about":[{"href":"https:\/\/krakowforyou.com\/pl\/wp-json\/wp\/v2\/types\/page"}],"author":[{"embeddable":true,"href":"https:\/\/krakowforyou.com\/pl\/wp-json\/wp\/v2\/users\/1"}],"replies":[{"embeddable":true,"href":"https:\/\/krakowforyou.com\/pl\/wp-json\/wp\/v2\/comments?post=1569"}],"version-history":[{"count":2,"href":"https:\/\/krakowforyou.com\/pl\/wp-json\/wp\/v2\/pages\/1569\/revisions"}],"predecessor-version":[{"id":3527,"href":"https:\/\/krakowforyou.com\/pl\/wp-json\/wp\/v2\/pages\/1569\/revisions\/3527"}],"wp:featuredmedia":[{"embeddable":true,"href":"https:\/\/krakowforyou.com\/pl\/wp-json\/wp\/v2\/media\/1383"}],"wp:attachment":[{"href":"https:\/\/krakowforyou.com\/pl\/wp-json\/wp\/v2\/media?parent=1569"}],"curies":[{"name":"wp","href":"https:\/\/api.w.org\/{rel}","templated":true}]}}