{"id":1602,"date":"2024-06-13T09:29:11","date_gmt":"2024-06-13T07:29:11","guid":{"rendered":"https:\/\/krakowforyou.pl\/faq\/"},"modified":"2024-09-11T17:25:44","modified_gmt":"2024-09-11T15:25:44","slug":"faq","status":"publish","type":"page","link":"https:\/\/krakowforyou.com\/pl\/faq\/","title":{"rendered":"FAQ"},"content":{"rendered":"","protected":false},"excerpt":{"rendered":"","protected":false},"author":1,"featured_media":1384,"parent":0,"menu_order":0,"comment_status":"closed","ping_status":"closed","template":"","meta":{"slim_seo":{"title":"FAQ - Krakow For You","description":"FAQ Cz\u0119sto zadawane pytania Je\u015bli nie znalaz\u0142e\u015b odpowiedzi, kt\u00f3rej szuka\u0142e\u015b, jeste\u015bmy tutaj aby pom\u00f3c! Skontaktuj si\u0119 z nami bezpo\u015brednio. Nasz zesp\u00f3\u0142 jest goto"},"footnotes":""},"class_list":["post-1602","page","type-page","status-publish","has-post-thumbnail","hentry"],"meta_box":{"person":[]},"_links":{"self":[{"href":"https:\/\/krakowforyou.com\/pl\/wp-json\/wp\/v2\/pages\/1602","targetHints":{"allow":["GET"]}}],"collection":[{"href":"https:\/\/krakowforyou.com\/pl\/wp-json\/wp\/v2\/pages"}],"about":[{"href":"https:\/\/krakowforyou.com\/pl\/wp-json\/wp\/v2\/types\/page"}],"author":[{"embeddable":true,"href":"https:\/\/krakowforyou.com\/pl\/wp-json\/wp\/v2\/users\/1"}],"replies":[{"embeddable":true,"href":"https:\/\/krakowforyou.com\/pl\/wp-json\/wp\/v2\/comments?post=1602"}],"version-history":[{"count":0,"href":"https:\/\/krakowforyou.com\/pl\/wp-json\/wp\/v2\/pages\/1602\/revisions"}],"wp:featuredmedia":[{"embeddable":true,"href":"https:\/\/krakowforyou.com\/pl\/wp-json\/wp\/v2\/media\/1384"}],"wp:attachment":[{"href":"https:\/\/krakowforyou.com\/pl\/wp-json\/wp\/v2\/media?parent=1602"}],"curies":[{"name":"wp","href":"https:\/\/api.w.org\/{rel}","templated":true}]}}