{"id":1619,"date":"2024-06-24T11:21:29","date_gmt":"2024-06-24T09:21:29","guid":{"rendered":"https:\/\/krakowforyou.pl\/cennik\/"},"modified":"2025-08-27T11:11:02","modified_gmt":"2025-08-27T09:11:02","slug":"cennik","status":"publish","type":"page","link":"https:\/\/krakowforyou.com\/pl\/cennik\/","title":{"rendered":"Cennik"},"content":{"rendered":"","protected":false},"excerpt":{"rendered":"","protected":false},"author":1,"featured_media":1383,"parent":0,"menu_order":0,"comment_status":"closed","ping_status":"closed","template":"","meta":{"slim_seo":{"title":"Cennik - Krakow For You","description":"Cennik ul. Grodzka 4 Apartament Stycze\u0144 - Marzec i Listopad Kwiecie\u0144 - Pa\u017adziernik i Grudzie\u0144"},"footnotes":""},"class_list":["post-1619","page","type-page","status-publish","has-post-thumbnail","hentry"],"meta_box":{"person":[]},"_links":{"self":[{"href":"https:\/\/krakowforyou.com\/pl\/wp-json\/wp\/v2\/pages\/1619","targetHints":{"allow":["GET"]}}],"collection":[{"href":"https:\/\/krakowforyou.com\/pl\/wp-json\/wp\/v2\/pages"}],"about":[{"href":"https:\/\/krakowforyou.com\/pl\/wp-json\/wp\/v2\/types\/page"}],"author":[{"embeddable":true,"href":"https:\/\/krakowforyou.com\/pl\/wp-json\/wp\/v2\/users\/1"}],"replies":[{"embeddable":true,"href":"https:\/\/krakowforyou.com\/pl\/wp-json\/wp\/v2\/comments?post=1619"}],"version-history":[{"count":2,"href":"https:\/\/krakowforyou.com\/pl\/wp-json\/wp\/v2\/pages\/1619\/revisions"}],"predecessor-version":[{"id":3516,"href":"https:\/\/krakowforyou.com\/pl\/wp-json\/wp\/v2\/pages\/1619\/revisions\/3516"}],"wp:featuredmedia":[{"embeddable":true,"href":"https:\/\/krakowforyou.com\/pl\/wp-json\/wp\/v2\/media\/1383"}],"wp:attachment":[{"href":"https:\/\/krakowforyou.com\/pl\/wp-json\/wp\/v2\/media?parent=1619"}],"curies":[{"name":"wp","href":"https:\/\/api.w.org\/{rel}","templated":true}]}}