{"id":1646,"date":"2024-07-11T12:11:02","date_gmt":"2024-07-11T10:11:02","guid":{"rendered":"https:\/\/krakowforyou.pl\/our-team\/"},"modified":"2024-09-23T18:52:38","modified_gmt":"2024-09-23T16:52:38","slug":"nasz-zespol","status":"publish","type":"page","link":"https:\/\/krakowforyou.com\/pl\/nasz-zespol\/","title":{"rendered":"Nasz zesp\u00f3\u0142"},"content":{"rendered":"","protected":false},"excerpt":{"rendered":"","protected":false},"author":1,"featured_media":1521,"parent":0,"menu_order":0,"comment_status":"closed","ping_status":"closed","template":"","meta":{"slim_seo":{"title":"Nasz zesp\u00f3\u0142 - Krakow For You","description":"Nasz zesp\u00f3\u0142 Jeste\u015bmy do Twojej dyspozycji. Zapraszamy do kontaktu! Skontaktuj si\u0119 Galeria"},"footnotes":""},"class_list":["post-1646","page","type-page","status-publish","has-post-thumbnail","hentry"],"meta_box":{"person":[{"person_name":"Miko\u0142aj","person_title":"Company Owner","person_foto":["542"]},{"person_name":"Przemys\u0142aw","person_title":"Manager","person_foto":["543"]},{"person_name":"Dagna","person_title":"Manager","person_foto":["539"]},{"person_name":"Sylwia","person_title":"Manager","person_foto":["544"]},{"person_name":"Magdalena","person_title":"Manager","person_foto":["541"]}]},"_links":{"self":[{"href":"https:\/\/krakowforyou.com\/pl\/wp-json\/wp\/v2\/pages\/1646","targetHints":{"allow":["GET"]}}],"collection":[{"href":"https:\/\/krakowforyou.com\/pl\/wp-json\/wp\/v2\/pages"}],"about":[{"href":"https:\/\/krakowforyou.com\/pl\/wp-json\/wp\/v2\/types\/page"}],"author":[{"embeddable":true,"href":"https:\/\/krakowforyou.com\/pl\/wp-json\/wp\/v2\/users\/1"}],"replies":[{"embeddable":true,"href":"https:\/\/krakowforyou.com\/pl\/wp-json\/wp\/v2\/comments?post=1646"}],"version-history":[{"count":2,"href":"https:\/\/krakowforyou.com\/pl\/wp-json\/wp\/v2\/pages\/1646\/revisions"}],"predecessor-version":[{"id":2390,"href":"https:\/\/krakowforyou.com\/pl\/wp-json\/wp\/v2\/pages\/1646\/revisions\/2390"}],"wp:featuredmedia":[{"embeddable":true,"href":"https:\/\/krakowforyou.com\/pl\/wp-json\/wp\/v2\/media\/1521"}],"wp:attachment":[{"href":"https:\/\/krakowforyou.com\/pl\/wp-json\/wp\/v2\/media?parent=1646"}],"curies":[{"name":"wp","href":"https:\/\/api.w.org\/{rel}","templated":true}]}}